{"id":129,"date":"2015-09-06T12:58:59","date_gmt":"2015-09-06T11:58:59","guid":{"rendered":"http:\/\/www.jwedesign.se\/?page_id=129"},"modified":"2025-01-31T20:02:28","modified_gmt":"2025-01-31T19:02:28","slug":"kontakt","status":"publish","type":"page","link":"https:\/\/www.jwedesign.se\/?page_id=129","title":{"rendered":"Kontakt"},"content":{"rendered":"<p>Kontakta g\u00e4rna mig om du har n\u00e5got p\u00e5 hj\u00e4rtat. P\u00e5 Instagram kommer nyheter och aktuell information, men det g\u00e5r fint att h\u00f6ra av i dig p\u00e5 valfritt s\u00e4tt:\u00a0<\/p>\n<p><br \/><a href=\"mailto:jennie@designprojectab.se\"><img loading=\"lazy\" class=\"wp-image-347 alignleft\" src=\"https:\/\/www.jwedesign.se\/wp-content\/uploads\/2015\/09\/sign-mail-symbol-envelope-sent-communication-send-300x226.png\" alt=\"sign-mail-symbol-envelope-sent-communication-send\" width=\"31\" height=\"24\" srcset=\"https:\/\/www.jwedesign.se\/wp-content\/uploads\/2015\/09\/sign-mail-symbol-envelope-sent-communication-send-300x226.png 300w, https:\/\/www.jwedesign.se\/wp-content\/uploads\/2015\/09\/sign-mail-symbol-envelope-sent-communication-send-416x313.png 416w, https:\/\/www.jwedesign.se\/wp-content\/uploads\/2015\/09\/sign-mail-symbol-envelope-sent-communication-send.png 640w\" sizes=\"(max-width: 31px) 100vw, 31px\" \/><\/a><a href=\"https:\/\/www.facebook.com\/jwedesign?ref=bookmarks\" target=\"_blank\" rel=\"noopener\"><img loading=\"lazy\" class=\"wp-image-330 alignleft\" src=\"https:\/\/www.jwedesign.se\/wp-content\/uploads\/2015\/09\/facebook-20logga.jpg\" alt=\"facebook-20logga\" width=\"26\" height=\"26\" srcset=\"https:\/\/www.jwedesign.se\/wp-content\/uploads\/2015\/09\/facebook-20logga.jpg 219w, https:\/\/www.jwedesign.se\/wp-content\/uploads\/2015\/09\/facebook-20logga-100x100.jpg 100w, https:\/\/www.jwedesign.se\/wp-content\/uploads\/2015\/09\/facebook-20logga-150x150.jpg 150w\" sizes=\"(max-width: 26px) 100vw, 26px\" \/><\/a><a href=\"https:\/\/instagram.com\/jwe_design\/\" target=\"_blank\" rel=\"noopener\"><img loading=\"lazy\" class=\"wp-image-331 alignleft\" src=\"https:\/\/www.jwedesign.se\/wp-content\/uploads\/2015\/09\/Instagram-300x300.gif\" alt=\"Instagram\" width=\"25\" height=\"25\" srcset=\"https:\/\/www.jwedesign.se\/wp-content\/uploads\/2015\/09\/Instagram-300x300.gif 300w, https:\/\/www.jwedesign.se\/wp-content\/uploads\/2015\/09\/Instagram-324x324.gif 324w, https:\/\/www.jwedesign.se\/wp-content\/uploads\/2015\/09\/Instagram-100x100.gif 100w, https:\/\/www.jwedesign.se\/wp-content\/uploads\/2015\/09\/Instagram-416x416.gif 416w, https:\/\/www.jwedesign.se\/wp-content\/uploads\/2015\/09\/Instagram-150x150.gif 150w\" sizes=\"(max-width: 25px) 100vw, 25px\" \/><\/a><\/p>\n\n","protected":false},"excerpt":{"rendered":"<p>Kontakta g\u00e4rna mig om du har n\u00e5got p\u00e5 hj\u00e4rtat. P\u00e5 Instagram kommer nyheter och aktuell information, men det g\u00e5r fint att h\u00f6ra av i dig p\u00e5 valfritt s\u00e4tt:\u00a0<\/p>\n","protected":false},"author":1,"featured_media":0,"parent":0,"menu_order":11,"comment_status":"closed","ping_status":"closed","template":"","meta":{"_monsterinsights_skip_tracking":false,"_monsterinsights_sitenote_active":false,"_monsterinsights_sitenote_note":"","_monsterinsights_sitenote_category":0},"aioseo_notices":[],"_links":{"self":[{"href":"https:\/\/www.jwedesign.se\/index.php?rest_route=\/wp\/v2\/pages\/129"}],"collection":[{"href":"https:\/\/www.jwedesign.se\/index.php?rest_route=\/wp\/v2\/pages"}],"about":[{"href":"https:\/\/www.jwedesign.se\/index.php?rest_route=\/wp\/v2\/types\/page"}],"author":[{"embeddable":true,"href":"https:\/\/www.jwedesign.se\/index.php?rest_route=\/wp\/v2\/users\/1"}],"replies":[{"embeddable":true,"href":"https:\/\/www.jwedesign.se\/index.php?rest_route=%2Fwp%2Fv2%2Fcomments&post=129"}],"version-history":[{"count":39,"href":"https:\/\/www.jwedesign.se\/index.php?rest_route=\/wp\/v2\/pages\/129\/revisions"}],"predecessor-version":[{"id":2242,"href":"https:\/\/www.jwedesign.se\/index.php?rest_route=\/wp\/v2\/pages\/129\/revisions\/2242"}],"wp:attachment":[{"href":"https:\/\/www.jwedesign.se\/index.php?rest_route=%2Fwp%2Fv2%2Fmedia&parent=129"}],"curies":[{"name":"wp","href":"https:\/\/api.w.org\/{rel}","templated":true}]}}