{"id":318,"date":"2015-09-08T14:37:39","date_gmt":"2015-09-08T13:37:39","guid":{"rendered":"http:\/\/www.jwedesign.se\/?page_id=318"},"modified":"2025-02-03T15:46:41","modified_gmt":"2025-02-03T14:46:41","slug":"om-jwe-design","status":"publish","type":"page","link":"https:\/\/www.jwedesign.se\/?page_id=318","title":{"rendered":"JWEdesign"},"content":{"rendered":"<p>H\u00e4r hittar du dina personliga handgjorda silversmycken av olika slag \u2013 ringar, \u00f6rh\u00e4ngen, armband och halsband.<\/p>\n<p>Jag heter Jennie och \u00e4r personen bakom dessa smycken och har en bakgrund inom konst och formgivning, \u00a0jag gick smyckedesignutbildningen i slutet av 90-talet och efter det har jag g\u00e5tt flera kurser f\u00f6r att l\u00e4ra mig mer. Nu tillbringar jag en dag i veckan i en verkstad p\u00e5 S\u00f6dermalm i Stockholm, d\u00e4r denna sm\u00e5skaliga smyckestillverkning \u00e4ger rum till st\u00f6rsta del.<\/p>\n<p>Eftersom jag arbetar med handgjorda smycken, finns varje design oftast bara i ett exemplar \u2013 vilket g\u00f6r att du f\u00e5r n\u00e5got unikt. Du hittar smyckena online h\u00e4r,\u00a0 men ibland \u00e4r jag ute och s\u00e4ljer p\u00e5 plats i Stockholm.<\/p>\n<p><strong>Unika silversmycken f\u00f6r dig<\/strong><\/p>\n<p>Varje smycke jag skapar \u00e4r noggrant designat med h\u00e5llbarhet och ansvar i \u00e5tanke. Jag str\u00e4var efter att minimera milj\u00f6p\u00e5verkan genom att anv\u00e4nda 100 % \u00e5tervunnet Sterling Silver 925 och genom att \u00e5tervinna spillmaterial i min produktion, det \u00e4r inte bara bra f\u00f6r milj\u00f6n men ocks\u00e5 f\u00f6r kreativiteten. Jag arbetar med minimal elkraft och g\u00e4rna mer med handkraft, ibland blandar jag in n\u00e5got annat material och \u00e4r det stenar av glas s\u00e5 har jag gjort dom sj\u00e4lv.<\/p>\n<p>H\u00e4r p\u00e5 hemsidan hittar du de smycken som f\u00f6r n\u00e4rvarande finns till f\u00f6rs\u00e4ljning, men p\u00e5 Facebook och Instagram kan du se fler bilder p\u00e5 alster som har f\u00e5tt nya \u00e4gare samt nyheter som \u00e4nnu inte kommit hit. Om n\u00e5got f\u00e5ngar ditt intresse s\u00e5 \u00e4r du mer \u00e4n v\u00e4lkommen att h\u00f6ra av dig!<\/p>\n<p>Jag erbjuder ocks\u00e5 skr\u00e4ddarsydda smycken i m\u00e5n av tid. S\u00e5 om du letar efter n\u00e5got s\u00e4rskilt, ett personligt smycke eller en present, eller om storleken inte finns h\u00e4r (det g\u00e4ller fr\u00e4mst ringarna),\u00a0 s\u00e5 kontakta mig f\u00f6r att ber\u00e4tta om dina \u00f6nskem\u00e5l s\u00e5 kanske det g\u00e5r att fixa.<\/p>\n<p><strong>K\u00f6p personliga silversmycken \u2013 S\u00e5 h\u00e4r g\u00e5r det till<\/strong><\/p>\n<p>Vill du bli \u00e4gare till ett av mina handgjorda smycken? Det \u00e4r enkelt att g\u00f6ra ett k\u00f6p h\u00e4r p\u00e5 hemsidan! Du kan ocks\u00e5 mejla mig eller kontakta mig p\u00e5 Instagram eller Facebook. Jag erbjuder olika betalningsalternativ som PayPal, Swish eller vad som passar dig b\u00e4st. Smyckena kan h\u00e4mtas i Aspudden, eller s\u00e5 skickar jag dem till dig via post \u2013 det du f\u00f6redrar!<\/p>\n<p><strong>Varf\u00f6r handgjorda silversmycken?<\/strong><\/p>\n<p>N\u00e4r du k\u00f6per ett smycke fr\u00e5n mig f\u00e5r du inte bara en vacker accessoar \u2013 du f\u00e5r ett unikt, handgjort smycke med en historia. Jag skapar smycken som \u00e4r b\u00e5de personliga och h\u00e5llbara. Oavsett om du letar efter n\u00e5got till dig sj\u00e4lv eller till n\u00e5gon k\u00e4r, kanske du hittar det h\u00e4r.<\/p>\n<p><strong>Tack f\u00f6r att du kikade in.\u00a0 Hoppas vi ses eller h\u00f6rs!<br \/>\n<\/strong><\/p>\n","protected":false},"excerpt":{"rendered":"<p>H\u00e4r hittar du dina personliga handgjorda silversmycken av olika slag \u2013 ringar, \u00f6rh\u00e4ngen, armband och halsband. Jag heter Jennie och \u00e4r personen bakom dessa smycken och har en bakgrund inom konst och formgivning, \u00a0jag gick smyckedesignutbildningen i slutet av 90-talet och efter det har jag g\u00e5tt flera kurser f\u00f6r att l\u00e4ra mig mer. Nu tillbringar [&hellip;]<\/p>\n","protected":false},"author":1,"featured_media":2231,"parent":0,"menu_order":1,"comment_status":"closed","ping_status":"closed","template":"","meta":{"_monsterinsights_skip_tracking":false,"_monsterinsights_sitenote_active":false,"_monsterinsights_sitenote_note":"","_monsterinsights_sitenote_category":0},"aioseo_notices":[],"_links":{"self":[{"href":"https:\/\/www.jwedesign.se\/index.php?rest_route=\/wp\/v2\/pages\/318"}],"collection":[{"href":"https:\/\/www.jwedesign.se\/index.php?rest_route=\/wp\/v2\/pages"}],"about":[{"href":"https:\/\/www.jwedesign.se\/index.php?rest_route=\/wp\/v2\/types\/page"}],"author":[{"embeddable":true,"href":"https:\/\/www.jwedesign.se\/index.php?rest_route=\/wp\/v2\/users\/1"}],"replies":[{"embeddable":true,"href":"https:\/\/www.jwedesign.se\/index.php?rest_route=%2Fwp%2Fv2%2Fcomments&post=318"}],"version-history":[{"count":66,"href":"https:\/\/www.jwedesign.se\/index.php?rest_route=\/wp\/v2\/pages\/318\/revisions"}],"predecessor-version":[{"id":2250,"href":"https:\/\/www.jwedesign.se\/index.php?rest_route=\/wp\/v2\/pages\/318\/revisions\/2250"}],"wp:featuredmedia":[{"embeddable":true,"href":"https:\/\/www.jwedesign.se\/index.php?rest_route=\/wp\/v2\/media\/2231"}],"wp:attachment":[{"href":"https:\/\/www.jwedesign.se\/index.php?rest_route=%2Fwp%2Fv2%2Fmedia&parent=318"}],"curies":[{"name":"wp","href":"https:\/\/api.w.org\/{rel}","templated":true}]}}