{"id":1226,"date":"2017-04-23T15:22:28","date_gmt":"2017-04-23T14:22:28","guid":{"rendered":"http:\/\/www.jwedesign.se\/?post_type=product&#038;p=1226"},"modified":"2025-09-01T19:06:33","modified_gmt":"2025-09-01T18:06:33","slug":"orhangen-26","status":"publish","type":"product","link":"https:\/\/www.jwedesign.se\/?product=orhangen-26","title":{"rendered":"\u00d6rh\u00e4ngen"},"content":{"rendered":"<p>L\u00e4ngd 2 cm<\/p>\n","protected":false},"excerpt":{"rendered":"<p>L\u00e4ngd 2 cm<\/p>\n","protected":false},"featured_media":1187,"template":"","meta":{"_monsterinsights_skip_tracking":false,"_monsterinsights_sitenote_active":false,"_monsterinsights_sitenote_note":"","_monsterinsights_sitenote_category":0},"product_cat":[6],"product_tag":[],"aioseo_notices":[],"_links":{"self":[{"href":"https:\/\/www.jwedesign.se\/index.php?rest_route=\/wp\/v2\/product\/1226"}],"collection":[{"href":"https:\/\/www.jwedesign.se\/index.php?rest_route=\/wp\/v2\/product"}],"about":[{"href":"https:\/\/www.jwedesign.se\/index.php?rest_route=\/wp\/v2\/types\/product"}],"wp:featuredmedia":[{"embeddable":true,"href":"https:\/\/www.jwedesign.se\/index.php?rest_route=\/wp\/v2\/media\/1187"}],"wp:attachment":[{"href":"https:\/\/www.jwedesign.se\/index.php?rest_route=%2Fwp%2Fv2%2Fmedia&parent=1226"}],"wp:term":[{"taxonomy":"product_cat","embeddable":true,"href":"https:\/\/www.jwedesign.se\/index.php?rest_route=%2Fwp%2Fv2%2Fproduct_cat&post=1226"},{"taxonomy":"product_tag","embeddable":true,"href":"https:\/\/www.jwedesign.se\/index.php?rest_route=%2Fwp%2Fv2%2Fproduct_tag&post=1226"}],"curies":[{"name":"wp","href":"https:\/\/api.w.org\/{rel}","templated":true}]}}