{"id":1627,"date":"2022-01-14T19:34:58","date_gmt":"2022-01-14T18:34:58","guid":{"rendered":"https:\/\/www.jwedesign.se\/?post_type=product&#038;p=1627"},"modified":"2022-01-14T19:34:58","modified_gmt":"2022-01-14T18:34:58","slug":"orhangen-21","status":"publish","type":"product","link":"https:\/\/www.jwedesign.se\/?product=orhangen-21","title":{"rendered":"\u00d6rh\u00e4ngen"},"content":{"rendered":"<p>L\u00e4ngd 3,5cm<\/p>\n","protected":false},"excerpt":{"rendered":"<p>L\u00e4ngd 3,5cm<\/p>\n","protected":false},"featured_media":1512,"template":"","meta":{"_monsterinsights_skip_tracking":false,"_monsterinsights_sitenote_active":false,"_monsterinsights_sitenote_note":"","_monsterinsights_sitenote_category":0},"product_cat":[6],"product_tag":[],"aioseo_notices":[],"_links":{"self":[{"href":"https:\/\/www.jwedesign.se\/index.php?rest_route=\/wp\/v2\/product\/1627"}],"collection":[{"href":"https:\/\/www.jwedesign.se\/index.php?rest_route=\/wp\/v2\/product"}],"about":[{"href":"https:\/\/www.jwedesign.se\/index.php?rest_route=\/wp\/v2\/types\/product"}],"wp:featuredmedia":[{"embeddable":true,"href":"https:\/\/www.jwedesign.se\/index.php?rest_route=\/wp\/v2\/media\/1512"}],"wp:attachment":[{"href":"https:\/\/www.jwedesign.se\/index.php?rest_route=%2Fwp%2Fv2%2Fmedia&parent=1627"}],"wp:term":[{"taxonomy":"product_cat","embeddable":true,"href":"https:\/\/www.jwedesign.se\/index.php?rest_route=%2Fwp%2Fv2%2Fproduct_cat&post=1627"},{"taxonomy":"product_tag","embeddable":true,"href":"https:\/\/www.jwedesign.se\/index.php?rest_route=%2Fwp%2Fv2%2Fproduct_tag&post=1627"}],"curies":[{"name":"wp","href":"https:\/\/api.w.org\/{rel}","templated":true}]}}