{"id":1974,"date":"2023-12-20T15:39:52","date_gmt":"2023-12-20T14:39:52","guid":{"rendered":"https:\/\/www.jwedesign.se\/?post_type=product&#038;p=1974"},"modified":"2025-08-30T19:10:04","modified_gmt":"2025-08-30T18:10:04","slug":"ring-och-orhangen-3","status":"publish","type":"product","link":"https:\/\/www.jwedesign.se\/?product=ring-och-orhangen-3","title":{"rendered":"Ring och \u00f6rh\u00e4ngen"},"content":{"rendered":"<p>Set med ring och \u00f6rh\u00e4ngen (kan k\u00f6pas separat)<br \/>\nRingstorlek 18<br \/>\n\u00d6rh\u00e4ngen 2,5 cm<\/p>\n","protected":false},"excerpt":{"rendered":"<p>Set med ring och \u00f6rh\u00e4ngen (kan k\u00f6pas separat) Ringstorlek 18 \u00d6rh\u00e4ngen 2,5 cm<\/p>\n","protected":false},"featured_media":1970,"template":"","meta":{"_monsterinsights_skip_tracking":false,"_monsterinsights_sitenote_active":false,"_monsterinsights_sitenote_note":"","_monsterinsights_sitenote_category":0},"product_cat":[9,6],"product_tag":[],"aioseo_notices":[],"_links":{"self":[{"href":"https:\/\/www.jwedesign.se\/index.php?rest_route=\/wp\/v2\/product\/1974"}],"collection":[{"href":"https:\/\/www.jwedesign.se\/index.php?rest_route=\/wp\/v2\/product"}],"about":[{"href":"https:\/\/www.jwedesign.se\/index.php?rest_route=\/wp\/v2\/types\/product"}],"wp:featuredmedia":[{"embeddable":true,"href":"https:\/\/www.jwedesign.se\/index.php?rest_route=\/wp\/v2\/media\/1970"}],"wp:attachment":[{"href":"https:\/\/www.jwedesign.se\/index.php?rest_route=%2Fwp%2Fv2%2Fmedia&parent=1974"}],"wp:term":[{"taxonomy":"product_cat","embeddable":true,"href":"https:\/\/www.jwedesign.se\/index.php?rest_route=%2Fwp%2Fv2%2Fproduct_cat&post=1974"},{"taxonomy":"product_tag","embeddable":true,"href":"https:\/\/www.jwedesign.se\/index.php?rest_route=%2Fwp%2Fv2%2Fproduct_tag&post=1974"}],"curies":[{"name":"wp","href":"https:\/\/api.w.org\/{rel}","templated":true}]}}