{"id":2205,"date":"2025-01-31T13:25:31","date_gmt":"2025-01-31T12:25:31","guid":{"rendered":"https:\/\/www.jwedesign.se\/?post_type=product&#038;p=2205"},"modified":"2025-09-01T18:29:35","modified_gmt":"2025-09-01T17:29:35","slug":"orhangen-4","status":"publish","type":"product","link":"https:\/\/www.jwedesign.se\/?product=orhangen-4","title":{"rendered":"\u00d6rh\u00e4ngen"},"content":{"rendered":"<p>Sm\u00e5 \u00f6rh\u00e4ngen 9mm<\/p>\n","protected":false},"excerpt":{"rendered":"<p>Sm\u00e5 \u00f6rh\u00e4ngen 9mm<\/p>\n","protected":false},"featured_media":2142,"template":"","meta":{"_monsterinsights_skip_tracking":false,"_monsterinsights_sitenote_active":false,"_monsterinsights_sitenote_note":"","_monsterinsights_sitenote_category":0},"product_cat":[6],"product_tag":[],"aioseo_notices":[],"_links":{"self":[{"href":"https:\/\/www.jwedesign.se\/index.php?rest_route=\/wp\/v2\/product\/2205"}],"collection":[{"href":"https:\/\/www.jwedesign.se\/index.php?rest_route=\/wp\/v2\/product"}],"about":[{"href":"https:\/\/www.jwedesign.se\/index.php?rest_route=\/wp\/v2\/types\/product"}],"wp:featuredmedia":[{"embeddable":true,"href":"https:\/\/www.jwedesign.se\/index.php?rest_route=\/wp\/v2\/media\/2142"}],"wp:attachment":[{"href":"https:\/\/www.jwedesign.se\/index.php?rest_route=%2Fwp%2Fv2%2Fmedia&parent=2205"}],"wp:term":[{"taxonomy":"product_cat","embeddable":true,"href":"https:\/\/www.jwedesign.se\/index.php?rest_route=%2Fwp%2Fv2%2Fproduct_cat&post=2205"},{"taxonomy":"product_tag","embeddable":true,"href":"https:\/\/www.jwedesign.se\/index.php?rest_route=%2Fwp%2Fv2%2Fproduct_tag&post=2205"}],"curies":[{"name":"wp","href":"https:\/\/api.w.org\/{rel}","templated":true}]}}