{"id":2214,"date":"2025-01-31T13:44:26","date_gmt":"2025-01-31T12:44:26","guid":{"rendered":"https:\/\/www.jwedesign.se\/?post_type=product&#038;p=2214"},"modified":"2025-09-01T18:24:02","modified_gmt":"2025-09-01T17:24:02","slug":"orhangen-37","status":"publish","type":"product","link":"https:\/\/www.jwedesign.se\/?product=orhangen-37","title":{"rendered":"\u00d6rh\u00e4ngen"},"content":{"rendered":"<p>\u00d6rh\u00e4ngen 3,5cm<\/p>\n","protected":false},"excerpt":{"rendered":"<p>\u00d6rh\u00e4ngen 3,5cm<\/p>\n","protected":false},"featured_media":2152,"template":"","meta":{"_monsterinsights_skip_tracking":false,"_monsterinsights_sitenote_active":false,"_monsterinsights_sitenote_note":"","_monsterinsights_sitenote_category":0},"product_cat":[6],"product_tag":[],"aioseo_notices":[],"_links":{"self":[{"href":"https:\/\/www.jwedesign.se\/index.php?rest_route=\/wp\/v2\/product\/2214"}],"collection":[{"href":"https:\/\/www.jwedesign.se\/index.php?rest_route=\/wp\/v2\/product"}],"about":[{"href":"https:\/\/www.jwedesign.se\/index.php?rest_route=\/wp\/v2\/types\/product"}],"wp:featuredmedia":[{"embeddable":true,"href":"https:\/\/www.jwedesign.se\/index.php?rest_route=\/wp\/v2\/media\/2152"}],"wp:attachment":[{"href":"https:\/\/www.jwedesign.se\/index.php?rest_route=%2Fwp%2Fv2%2Fmedia&parent=2214"}],"wp:term":[{"taxonomy":"product_cat","embeddable":true,"href":"https:\/\/www.jwedesign.se\/index.php?rest_route=%2Fwp%2Fv2%2Fproduct_cat&post=2214"},{"taxonomy":"product_tag","embeddable":true,"href":"https:\/\/www.jwedesign.se\/index.php?rest_route=%2Fwp%2Fv2%2Fproduct_tag&post=2214"}],"curies":[{"name":"wp","href":"https:\/\/api.w.org\/{rel}","templated":true}]}}