{"id":2457,"date":"2026-02-09T15:59:07","date_gmt":"2026-02-09T14:59:07","guid":{"rendered":"https:\/\/www.jwedesign.se\/?post_type=product&#038;p=2457"},"modified":"2026-02-09T15:59:07","modified_gmt":"2026-02-09T14:59:07","slug":"orhangen-66","status":"publish","type":"product","link":"https:\/\/www.jwedesign.se\/?product=orhangen-66","title":{"rendered":"\u00d6rh\u00e4ngen"},"content":{"rendered":"<p>\u00d6rh\u00e4ngen 3cm tunna<\/p>\n","protected":false},"excerpt":{"rendered":"<p>\u00d6rh\u00e4ngen 3cm tunna<\/p>\n","protected":false},"featured_media":2445,"template":"","meta":{"_monsterinsights_skip_tracking":false,"_monsterinsights_sitenote_active":false,"_monsterinsights_sitenote_note":"","_monsterinsights_sitenote_category":0},"product_cat":[6],"product_tag":[],"aioseo_notices":[],"_links":{"self":[{"href":"https:\/\/www.jwedesign.se\/index.php?rest_route=\/wp\/v2\/product\/2457"}],"collection":[{"href":"https:\/\/www.jwedesign.se\/index.php?rest_route=\/wp\/v2\/product"}],"about":[{"href":"https:\/\/www.jwedesign.se\/index.php?rest_route=\/wp\/v2\/types\/product"}],"wp:featuredmedia":[{"embeddable":true,"href":"https:\/\/www.jwedesign.se\/index.php?rest_route=\/wp\/v2\/media\/2445"}],"wp:attachment":[{"href":"https:\/\/www.jwedesign.se\/index.php?rest_route=%2Fwp%2Fv2%2Fmedia&parent=2457"}],"wp:term":[{"taxonomy":"product_cat","embeddable":true,"href":"https:\/\/www.jwedesign.se\/index.php?rest_route=%2Fwp%2Fv2%2Fproduct_cat&post=2457"},{"taxonomy":"product_tag","embeddable":true,"href":"https:\/\/www.jwedesign.se\/index.php?rest_route=%2Fwp%2Fv2%2Fproduct_tag&post=2457"}],"curies":[{"name":"wp","href":"https:\/\/api.w.org\/{rel}","templated":true}]}}